{"id":1031,"date":"2025-04-17T12:52:19","date_gmt":"2025-04-17T12:52:19","guid":{"rendered":"https:\/\/atelierrebul.al\/?post_type=product&#038;p=1031"},"modified":"2025-12-21T21:17:40","modified_gmt":"2025-12-21T21:17:40","slug":"ciragan-palace-reed-diffuser-120-ml","status":"publish","type":"product","link":"https:\/\/atelierrebul.al\/sq\/collections\/reed-diffuser\/ciragan-palace-reed-diffuser-120-ml\/","title":{"rendered":"\u00c7\u0131ra\u011fan Palace Reed Diffuser 120 ml"},"content":{"rendered":"<p><span data-sheets-root=\"1\">With the inspiration of the magnificent gardens of \u00c7\u0131ra\u011fan Palace and the unique Bosphorus&#8230; With this new fragrance we have created exclusively for \u00c7\u0131ra\u011fan Palace, we invite you to explore the \u00c7\u0131ra\u011fan Palace.<\/span><\/p>","protected":false},"excerpt":{"rendered":"<p>Linalyl acetate, Linalool, 1-(1,2,3,4,5,6,7,8-octahydro-2,3,8,8-tetramethyl-2-naphthyl) ethan-1-one, Acetyl cedrene, Cineole, Eugenol, Alpha-iso-Methylionone, Geraniol, Citronellol, Cinnamaldehyde, 1-(2,2,6- Trimethylcyclohexyl)-3-hexanol, Methyl non-2-ynoate, 1-(5-propyl-1,3-benzodioxol-2-yl)-1-ethanone.<\/p>","protected":false},"featured_media":1378,"template":"","meta":{"_acf_changed":false},"product_brand":[81,80,90],"product_cat":[106,130,52],"product_tag":[],"class_list":{"0":"post-1031","1":"product","2":"type-product","3":"status-publish","4":"has-post-thumbnail","6":"product_brand-ciragan-2","7":"product_brand-ciragan","8":"product_brand-my-home","9":"product_cat-ciragan-palace","10":"product_cat-home-products","11":"product_cat-reed-diffuser","13":"first","14":"instock","15":"shipping-taxable","16":"purchasable","17":"product-type-simple"},"acf":[],"_links":{"self":[{"href":"https:\/\/atelierrebul.al\/sq\/wp-json\/wp\/v2\/product\/1031","targetHints":{"allow":["GET"]}}],"collection":[{"href":"https:\/\/atelierrebul.al\/sq\/wp-json\/wp\/v2\/product"}],"about":[{"href":"https:\/\/atelierrebul.al\/sq\/wp-json\/wp\/v2\/types\/product"}],"wp:featuredmedia":[{"embeddable":true,"href":"https:\/\/atelierrebul.al\/sq\/wp-json\/wp\/v2\/media\/1378"}],"wp:attachment":[{"href":"https:\/\/atelierrebul.al\/sq\/wp-json\/wp\/v2\/media?parent=1031"}],"wp:term":[{"taxonomy":"product_brand","embeddable":true,"href":"https:\/\/atelierrebul.al\/sq\/wp-json\/wp\/v2\/product_brand?post=1031"},{"taxonomy":"product_cat","embeddable":true,"href":"https:\/\/atelierrebul.al\/sq\/wp-json\/wp\/v2\/product_cat?post=1031"},{"taxonomy":"product_tag","embeddable":true,"href":"https:\/\/atelierrebul.al\/sq\/wp-json\/wp\/v2\/product_tag?post=1031"}],"curies":[{"name":"wp","href":"https:\/\/api.w.org\/{rel}","templated":true}]}}