{"id":2578,"date":"2025-04-25T11:41:57","date_gmt":"2025-04-25T11:41:57","guid":{"rendered":"https:\/\/atelierrebul.al\/?page_id=2578"},"modified":"2025-04-29T08:46:44","modified_gmt":"2025-04-29T08:46:44","slug":"shipping-policy","status":"publish","type":"page","link":"https:\/\/atelierrebul.al\/sq\/shipping-policy\/","title":{"rendered":"Politika e D\u00ebrgesave"},"content":{"rendered":"<div data-elementor-type=\"wp-page\" data-elementor-id=\"2578\" class=\"elementor elementor-2578\" data-elementor-post-type=\"page\">\n\t\t\t\t<div class=\"elementor-element elementor-element-abf2be8 e-flex e-con-boxed e-con e-parent\" data-id=\"abf2be8\" data-element_type=\"container\">\n\t\t\t\t\t<div class=\"e-con-inner\">\n\t\t\t\t<div class=\"elementor-element elementor-element-7c3bbc2 elementor-widget elementor-widget-heading\" data-id=\"7c3bbc2\" data-element_type=\"widget\" data-widget_type=\"heading.default\">\n\t\t\t\t<div class=\"elementor-widget-container\">\n\t\t\t\t\t<h2 class=\"elementor-heading-title elementor-size-default\">Politika e D\u00ebrgesave<\/h2>\t\t\t\t<\/div>\n\t\t\t\t<\/div>\n\t\t\t\t<div class=\"elementor-element elementor-element-3a9225d elementor-widget elementor-widget-text-editor\" data-id=\"3a9225d\" data-element_type=\"widget\" data-widget_type=\"text-editor.default\">\n\t\t\t\t<div class=\"elementor-widget-container\">\n\t\t\t\t\t\t\t\t\t<p>Aktualisht, Atelier Rebul Albania d\u00ebrgon vet\u00ebm brenda Shqip\u00ebris\u00eb.<\/p><p class=\"\" data-start=\"284\" data-end=\"625\">Koha e dor\u00ebzimit \u00ebsht\u00eb vet\u00ebm orientuese dhe nuk angazhon Atelier Rebul Albania. P\u00ebrve\u00e7 n\u00ebse \u00ebsht\u00eb shprehur ndryshe, vonesat n\u00eb dor\u00ebzim nuk japin t\u00eb drejt\u00eb p\u00ebr anulim ose nd\u00ebrprerje t\u00eb blerjes, as p\u00ebr kompensim. Shit\u00ebsi rezervon t\u00eb drejt\u00ebn t\u00eb b\u00ebj\u00eb d\u00ebrgesa pjesore q\u00eb mund t\u00eb \u00e7ojn\u00eb n\u00eb shitje pjesore.<\/p><p class=\"\" data-start=\"627\" data-end=\"892\">Ne nuk jemi p\u00ebrgjegj\u00ebs p\u00ebr asnj\u00eb problem q\u00eb ndodh gjat\u00eb transportit. T\u00eb gjitha blerjet transportohen n\u00eb rrezikun e bler\u00ebsit, pavar\u00ebsisht nga m\u00ebnyra e transportit ose d\u00ebrges\u00ebs. Shit\u00ebsi nuk mban p\u00ebrgjegj\u00ebsi p\u00ebr d\u00ebmtime t\u00eb shkaktuara gjat\u00eb transportit ose d\u00ebrges\u00ebs s\u00eb mallrave t\u00eb shitura.<\/p>\t\t\t\t\t\t\t\t<\/div>\n\t\t\t\t<\/div>\n\t\t\t\t\t<\/div>\n\t\t\t\t<\/div>\n\t\t\t\t<\/div>","protected":false},"excerpt":{"rendered":"<p>Shipping policy Atelier Rebul Albania currently only ships to Albania. The delivery times are purely indicative and do not bind Atelier Rebul Albania. Unless expressly stated otherwise, a delay in delivery can under no circumstances give rise to cancellation or termination of the purchase or to the granting of compensation. The seller reserves the right [&hellip;]<\/p>","protected":false},"author":1,"featured_media":0,"parent":0,"menu_order":0,"comment_status":"closed","ping_status":"closed","template":"","meta":{"_acf_changed":false,"footnotes":""},"class_list":["post-2578","page","type-page","status-publish","hentry"],"acf":[],"_links":{"self":[{"href":"https:\/\/atelierrebul.al\/sq\/wp-json\/wp\/v2\/pages\/2578","targetHints":{"allow":["GET"]}}],"collection":[{"href":"https:\/\/atelierrebul.al\/sq\/wp-json\/wp\/v2\/pages"}],"about":[{"href":"https:\/\/atelierrebul.al\/sq\/wp-json\/wp\/v2\/types\/page"}],"author":[{"embeddable":true,"href":"https:\/\/atelierrebul.al\/sq\/wp-json\/wp\/v2\/users\/1"}],"replies":[{"embeddable":true,"href":"https:\/\/atelierrebul.al\/sq\/wp-json\/wp\/v2\/comments?post=2578"}],"version-history":[{"count":10,"href":"https:\/\/atelierrebul.al\/sq\/wp-json\/wp\/v2\/pages\/2578\/revisions"}],"predecessor-version":[{"id":2682,"href":"https:\/\/atelierrebul.al\/sq\/wp-json\/wp\/v2\/pages\/2578\/revisions\/2682"}],"wp:attachment":[{"href":"https:\/\/atelierrebul.al\/sq\/wp-json\/wp\/v2\/media?parent=2578"}],"curies":[{"name":"wp","href":"https:\/\/api.w.org\/{rel}","templated":true}]}}