{"id":18,"date":"2025-04-18T09:39:37","date_gmt":"2025-04-18T09:39:37","guid":{"rendered":"https:\/\/atelierrebul.al\/?page_id=18"},"modified":"2025-04-29T07:55:59","modified_gmt":"2025-04-29T07:55:59","slug":"refund-policy","status":"publish","type":"page","link":"https:\/\/atelierrebul.al\/sq\/refund-policy\/","title":{"rendered":"Politika e Rimbursimeve"},"content":{"rendered":"<div data-elementor-type=\"wp-page\" data-elementor-id=\"18\" class=\"elementor elementor-18\" data-elementor-post-type=\"page\">\n\t\t\t\t<div class=\"elementor-element elementor-element-b0bb0a9 e-flex e-con-boxed e-con e-parent\" data-id=\"b0bb0a9\" data-element_type=\"container\">\n\t\t\t\t\t<div class=\"e-con-inner\">\n\t\t\t\t<div class=\"elementor-element elementor-element-314e6e4 elementor-widget elementor-widget-heading\" data-id=\"314e6e4\" data-element_type=\"widget\" data-widget_type=\"heading.default\">\n\t\t\t\t<div class=\"elementor-widget-container\">\n\t\t\t\t\t<h2 class=\"elementor-heading-title elementor-size-default\">Politika e Rimbursimit<\/h2>\t\t\t\t<\/div>\n\t\t\t\t<\/div>\n\t\t\t\t<div class=\"elementor-element elementor-element-09e4842 elementor-widget elementor-widget-text-editor\" data-id=\"09e4842\" data-element_type=\"widget\" data-widget_type=\"text-editor.default\">\n\t\t\t\t<div class=\"elementor-widget-container\">\n\t\t\t\t\t\t\t\t\t<p>A keni ndryshuar mendje ose nuk jeni t\u00eb k\u00ebnaqur me porosin\u00eb tuaj?\nAt\u00ebher\u00eb keni t\u00eb drejt\u00eb t\u00eb ktheni produktet deri n\u00eb 90 dit\u00eb pas marrjes s\u00eb porosis\u00eb. Kostoja e etiket\u00ebs p\u00ebr kthim \u00ebsht\u00eb 5.95 \u20ac.<\/p><p><strong>Politika e Kthimit<\/strong><\/p><p class=\"\" data-start=\"419\" data-end=\"557\">Politika jon\u00eb zgjat 90 dit\u00eb. Fatkeq\u00ebsisht, n\u00ebse kan\u00eb kaluar 90 dit\u00eb nga marrja e porosis\u00eb, nuk mund t\u2019ju ofrojm\u00eb rimbursim ose k\u00ebmbim.<\/p><p class=\"\" data-start=\"559\" data-end=\"846\">P\u00ebr t\u00eb qen\u00eb i\/e pranuesh\u00ebm p\u00ebr kthim, artikulli duhet t\u00eb jet\u00eb i pap\u00ebrdorur dhe n\u00eb t\u00eb nj\u00ebjt\u00ebn gjendje si\u00e7 e keni marr\u00eb. Duhet gjithashtu t\u00eb jet\u00eb n\u00eb paketimin origjinal dhe pa shenja p\u00ebrdorimi. N\u00ebse produkti tregon d\u00ebmtime dhe nuk \u00ebsht\u00eb n\u00eb paketimin origjinal, ne rezervojm\u00eb t\u00eb drejt\u00ebn t\u00eb refuzojm\u00eb kthimin.<\/p><p class=\"\" data-start=\"848\" data-end=\"915\">P\u00ebr t\u00eb p\u00ebrfunduar kthimin, k\u00ebrkohet nj\u00eb fatur\u00eb ose prov\u00eb blerjeje.<\/p><p><strong>Rimbursimet<\/strong><br \/>Pasi t\u00eb marrim dhe kontrollojm\u00eb kthimin tuaj, do t\u2019ju njoftojm\u00eb n\u00ebse rimbursimi juaj \u00ebsht\u00eb miratuar ose refuzuar.<br data-start=\"1044\" data-end=\"1047\" \/>N\u00ebse miratohet, rimbursimi do t\u00eb p\u00ebrpunohet dhe shuma do t\u00eb kreditohet automatikisht n\u00eb kart\u00ebn tuaj t\u00eb kreditit ose metod\u00ebn origjinale t\u00eb pages\u00ebs brenda disa dit\u00ebve.<\/p><p><strong>Rimbursime t\u00eb vonuara ose t\u00eb humbura<\/strong><br \/>N\u00ebse nuk keni marr\u00eb ende rimbursimin, ju lutemi kontrolloni p\u00ebrs\u00ebri llogarin\u00eb bankare.<br data-start=\"1322\" data-end=\"1325\" \/>Kontaktoni kompanin\u00eb e kart\u00ebs s\u00eb kreditit; mund t\u00eb marr\u00eb pak koh\u00eb p\u00ebrpara se rimbursimi t\u00eb regjistrohet zyrtarisht.<br data-start=\"1431\" data-end=\"1434\" \/>M\u00eb pas kontaktoni bank\u00ebn tuaj. Shpesh ka nj\u00eb koh\u00eb p\u00ebrpunimi para se rimbursimi t\u00eb regjistrohet.<br data-start=\"1520\" data-end=\"1523\" \/>N\u00ebse keni b\u00ebr\u00eb t\u00eb gjitha k\u00ebto dhe ende nuk e keni marr\u00eb rimbursimin, ju lutemi na kontaktoni n\u00eb info@atelierrebul.al.<\/p><p><b>Artikujt n\u00eb zbritje<\/b><br \/>Vet\u00ebm artikujt me \u00e7mim normal mund t\u00eb rimbursohen; fatkeq\u00ebsisht, artikujt e zbritur nuk kthehen.<\/p><p><strong>D\u00ebrgesa<\/strong><\/p><p class=\"\" data-start=\"1769\" data-end=\"1824\">P\u00ebr t\u00eb kthyer produktin tuaj, ne do t\u2019ju sigurojm\u00eb nj\u00eb etiket\u00eb kthimi.<\/p><p class=\"\" data-start=\"1826\" data-end=\"1939\">Koha q\u00eb mund t\u00eb marr\u00eb produkti i kthyer p\u00ebr t\u2019ju arritur mund t\u00eb ndryshoj\u00eb n\u00eb var\u00ebsi t\u00eb vendndodhjes suaj brenda Shqip\u00ebris\u00eb.<\/p>\t\t\t\t\t\t\t\t<\/div>\n\t\t\t\t<\/div>\n\t\t\t\t\t<\/div>\n\t\t\t\t<\/div>\n\t\t\t\t<\/div>","protected":false},"excerpt":{"rendered":"<p>Refund policy Have you changed your mind or are you not satisfied with your order? Then you have the right to return the products up to 90 days after receipt of your order. The cost price for a return label is charged and amounts to \u20ac5.95. Return Policy Our policy lasts 90 days. Unfortunately, if [&hellip;]<\/p>","protected":false},"author":1,"featured_media":0,"parent":0,"menu_order":0,"comment_status":"closed","ping_status":"closed","template":"","meta":{"_acf_changed":false,"footnotes":""},"class_list":["post-18","page","type-page","status-publish","hentry"],"acf":[],"_links":{"self":[{"href":"https:\/\/atelierrebul.al\/sq\/wp-json\/wp\/v2\/pages\/18","targetHints":{"allow":["GET"]}}],"collection":[{"href":"https:\/\/atelierrebul.al\/sq\/wp-json\/wp\/v2\/pages"}],"about":[{"href":"https:\/\/atelierrebul.al\/sq\/wp-json\/wp\/v2\/types\/page"}],"author":[{"embeddable":true,"href":"https:\/\/atelierrebul.al\/sq\/wp-json\/wp\/v2\/users\/1"}],"replies":[{"embeddable":true,"href":"https:\/\/atelierrebul.al\/sq\/wp-json\/wp\/v2\/comments?post=18"}],"version-history":[{"count":13,"href":"https:\/\/atelierrebul.al\/sq\/wp-json\/wp\/v2\/pages\/18\/revisions"}],"predecessor-version":[{"id":2665,"href":"https:\/\/atelierrebul.al\/sq\/wp-json\/wp\/v2\/pages\/18\/revisions\/2665"}],"wp:attachment":[{"href":"https:\/\/atelierrebul.al\/sq\/wp-json\/wp\/v2\/media?parent=18"}],"curies":[{"name":"wp","href":"https:\/\/api.w.org\/{rel}","templated":true}]}}