{"id":15,"date":"2025-04-02T14:56:32","date_gmt":"2025-04-02T14:56:32","guid":{"rendered":"https:\/\/atelierrebul.al\/cart\/"},"modified":"2025-04-22T13:11:42","modified_gmt":"2025-04-22T13:11:42","slug":"cart","status":"publish","type":"page","link":"https:\/\/atelierrebul.al\/sq\/cart\/","title":{"rendered":"Cart"},"content":{"rendered":"<div data-elementor-type=\"wp-page\" data-elementor-id=\"15\" class=\"elementor elementor-15\" data-elementor-post-type=\"page\">\n\t\t\t\t<div class=\"elementor-element elementor-element-d3079be e-flex e-con-boxed e-con e-parent\" data-id=\"d3079be\" data-element_type=\"container\">\n\t\t\t\t\t<div class=\"e-con-inner\">\n\t\t<div class=\"elementor-element elementor-element-242028e e-con-full e-flex e-con e-child\" data-id=\"242028e\" data-element_type=\"container\">\n\t\t<div class=\"elementor-element elementor-element-8de4303 e-con-full elementor-hidden-tablet elementor-hidden-mobile e-flex e-con e-child\" data-id=\"8de4303\" data-element_type=\"container\" data-settings=\"{&quot;background_background&quot;:&quot;classic&quot;}\">\n\t\t\t\t<\/div>\n\t\t\t\t<div class=\"elementor-element elementor-element-a5375b6 elementor-widget elementor-widget-heading\" data-id=\"a5375b6\" data-element_type=\"widget\" data-widget_type=\"heading.default\">\n\t\t\t\t<div class=\"elementor-widget-container\">\n\t\t\t\t\t<h2 class=\"elementor-heading-title elementor-size-default\">Your Cart<\/h2>\t\t\t\t<\/div>\n\t\t\t\t<\/div>\n\t\t\t\t<div class=\"elementor-element elementor-element-35dc724 elementor-icon-list--layout-traditional elementor-list-item-link-full_width elementor-widget elementor-widget-icon-list\" data-id=\"35dc724\" data-element_type=\"widget\" data-widget_type=\"icon-list.default\">\n\t\t\t\t<div class=\"elementor-widget-container\">\n\t\t\t\t\t\t\t<ul class=\"elementor-icon-list-items\">\n\t\t\t\t\t\t\t<li class=\"elementor-icon-list-item\">\n\t\t\t\t\t\t\t\t\t\t\t<a href=\"\/sq\/collections\/\">\n\n\t\t\t\t\t\t\t\t\t\t\t\t<span class=\"elementor-icon-list-icon\">\n\t\t\t\t\t\t\t<svg xmlns=\"http:\/\/www.w3.org\/2000\/svg\" fill=\"#000000\" width=\"800px\" height=\"800px\" viewbox=\"0 0 32 32\"><path d=\"M23.505 0c0.271 0 0.549 0.107 0.757 0.316 0.417 0.417 0.417 1.098 0 1.515l-14.258 14.264 14.050 14.050c0.417 0.417 0.417 1.098 0 1.515s-1.098 0.417-1.515 0l-14.807-14.807c-0.417-0.417-0.417-1.098 0-1.515l15.015-15.022c0.208-0.208 0.486-0.316 0.757-0.316z\"><\/path><\/svg>\t\t\t\t\t\t<\/span>\n\t\t\t\t\t\t\t\t\t\t<span class=\"elementor-icon-list-text\">Return to store<\/span>\n\t\t\t\t\t\t\t\t\t\t\t<\/a>\n\t\t\t\t\t\t\t\t\t<\/li>\n\t\t\t\t\t\t<\/ul>\n\t\t\t\t\t\t<\/div>\n\t\t\t\t<\/div>\n\t\t\t\t<\/div>\n\t\t<div class=\"elementor-element elementor-element-0f58c7a e-con-full e-flex e-con e-child\" data-id=\"0f58c7a\" data-element_type=\"container\">\n\t\t\t\t<div class=\"elementor-element elementor-element-083c416 elementor-widget elementor-widget-ucaddon_woo_mini_cart_ax\" data-id=\"083c416\" data-element_type=\"widget\" data-widget_type=\"ucaddon_woo_mini_cart_ax.default\">\n\t\t\t\t<div class=\"elementor-widget-container\">\n\t\t\t\t\t<div style='color:darkred;'><div align='left' style='direction:ltr;color:black;'><pre>Unlimited Elements Error: Widget \"Woo Mini Cart\" Error: An exception has been thrown during the rendering of a template (\"Call to a member function get_cart() on null\") in \"html\" at line 21.<\/pre><\/div><\/div>\t\t\t\t<\/div>\n\t\t\t\t<\/div>\n\t\t\t\t<\/div>\n\t\t\t\t\t<\/div>\n\t\t\t\t<\/div>\n\t\t\t\t<\/div>","protected":false},"excerpt":{"rendered":"<p>Your Cart Return to store Cart Istanbul Sh\u0131mmer\u0131ng Body O\u0131l 125 ml 3 x 135,00&nbsp;&euro; &#8211; + No Products in Cart\u00a0 Subtotal: 135,00&nbsp;&euro; Checkout<\/p>","protected":false},"author":1,"featured_media":0,"parent":0,"menu_order":0,"comment_status":"closed","ping_status":"closed","template":"","meta":{"_acf_changed":false,"footnotes":""},"class_list":["post-15","page","type-page","status-publish","hentry"],"acf":[],"_links":{"self":[{"href":"https:\/\/atelierrebul.al\/sq\/wp-json\/wp\/v2\/pages\/15","targetHints":{"allow":["GET"]}}],"collection":[{"href":"https:\/\/atelierrebul.al\/sq\/wp-json\/wp\/v2\/pages"}],"about":[{"href":"https:\/\/atelierrebul.al\/sq\/wp-json\/wp\/v2\/types\/page"}],"author":[{"embeddable":true,"href":"https:\/\/atelierrebul.al\/sq\/wp-json\/wp\/v2\/users\/1"}],"replies":[{"embeddable":true,"href":"https:\/\/atelierrebul.al\/sq\/wp-json\/wp\/v2\/comments?post=15"}],"version-history":[{"count":89,"href":"https:\/\/atelierrebul.al\/sq\/wp-json\/wp\/v2\/pages\/15\/revisions"}],"predecessor-version":[{"id":2415,"href":"https:\/\/atelierrebul.al\/sq\/wp-json\/wp\/v2\/pages\/15\/revisions\/2415"}],"wp:attachment":[{"href":"https:\/\/atelierrebul.al\/sq\/wp-json\/wp\/v2\/media?parent=15"}],"curies":[{"name":"wp","href":"https:\/\/api.w.org\/{rel}","templated":true}]}}